{"id":650,"date":"2021-01-19T08:01:27","date_gmt":"2021-01-19T08:01:27","guid":{"rendered":"https:\/\/www.victoireimoveis.com.br\/blog\/home\/"},"modified":"2023-01-21T12:57:24","modified_gmt":"2023-01-21T15:57:24","slug":"home","status":"publish","type":"page","link":"https:\/\/www.victoireimoveis.com.br\/blog\/","title":{"rendered":"Home"},"content":{"rendered":"\t\t<div data-elementor-type=\"wp-page\" data-elementor-id=\"650\" class=\"elementor elementor-650\">\n\t\t\t\t\t\t\t\t\t<section class=\"elementor-section elementor-top-section elementor-element elementor-element-c24250a elementor-section-height-min-height elementor-section-content-middle elementor-section-boxed elementor-section-height-default elementor-section-items-middle\" data-id=\"c24250a\" data-element_type=\"section\" data-settings=\"{&quot;background_background&quot;:&quot;classic&quot;}\">\n\t\t\t\t\t\t\t<div class=\"elementor-background-overlay\"><\/div>\n\t\t\t\t\t\t\t<div class=\"elementor-container elementor-column-gap-default\">\n\t\t\t\t\t<div class=\"elementor-column elementor-col-100 elementor-top-column elementor-element elementor-element-732fdcb\" data-id=\"732fdcb\" data-element_type=\"column\" data-settings=\"{&quot;background_background&quot;:&quot;classic&quot;}\">\n\t\t\t<div class=\"elementor-widget-wrap elementor-element-populated\">\n\t\t\t\t\t\t\t\t<div class=\"elementor-element elementor-element-e944c0f elementor-widget elementor-widget-heading\" data-id=\"e944c0f\" data-element_type=\"widget\" data-widget_type=\"heading.default\">\n\t\t\t\t<div class=\"elementor-widget-container\">\n\t\t\t<style>\/*! elementor - v3.13.3 - 28-05-2023 *\/\n.elementor-heading-title{padding:0;margin:0;line-height:1}.elementor-widget-heading .elementor-heading-title[class*=elementor-size-]>a{color:inherit;font-size:inherit;line-height:inherit}.elementor-widget-heading .elementor-heading-title.elementor-size-small{font-size:15px}.elementor-widget-heading .elementor-heading-title.elementor-size-medium{font-size:19px}.elementor-widget-heading .elementor-heading-title.elementor-size-large{font-size:29px}.elementor-widget-heading .elementor-heading-title.elementor-size-xl{font-size:39px}.elementor-widget-heading .elementor-heading-title.elementor-size-xxl{font-size:59px}<\/style><h2 class=\"elementor-heading-title elementor-size-default\">Blog Victoire Im\u00f3veis<\/h2>\t\t<\/div>\n\t\t\t\t<\/div>\n\t\t\t\t\t<\/div>\n\t\t<\/div>\n\t\t\t\t\t\t\t<\/div>\n\t\t<\/section>\n\t\t\t\t<section class=\"elementor-section elementor-top-section elementor-element elementor-element-c643114 elementor-section-content-top elementor-section-boxed elementor-section-height-default elementor-section-height-default\" data-id=\"c643114\" data-element_type=\"section\">\n\t\t\t\t\t\t<div class=\"elementor-container elementor-column-gap-no\">\n\t\t\t\t\t<div class=\"elementor-column elementor-col-100 elementor-top-column elementor-element elementor-element-4b6cb6d\" data-id=\"4b6cb6d\" data-element_type=\"column\">\n\t\t\t<div class=\"elementor-widget-wrap elementor-element-populated\">\n\t\t\t\t\t\t\t\t<div class=\"elementor-element elementor-element-e3960c9 elementor-grid-3 elementor-grid-tablet-2 elementor-grid-mobile-1 elementor-posts--thumbnail-top elementor-card-shadow-yes elementor-posts__hover-gradient elementor-widget elementor-widget-posts\" data-id=\"e3960c9\" data-element_type=\"widget\" data-settings=\"{&quot;cards_columns&quot;:&quot;3&quot;,&quot;cards_columns_tablet&quot;:&quot;2&quot;,&quot;cards_columns_mobile&quot;:&quot;1&quot;,&quot;cards_row_gap&quot;:{&quot;unit&quot;:&quot;px&quot;,&quot;size&quot;:35,&quot;sizes&quot;:[]},&quot;cards_row_gap_tablet&quot;:{&quot;unit&quot;:&quot;px&quot;,&quot;size&quot;:&quot;&quot;,&quot;sizes&quot;:[]},&quot;cards_row_gap_mobile&quot;:{&quot;unit&quot;:&quot;px&quot;,&quot;size&quot;:&quot;&quot;,&quot;sizes&quot;:[]}}\" data-widget_type=\"posts.cards\">\n\t\t\t\t<div class=\"elementor-widget-container\">\n\t\t\t<link rel=\"stylesheet\" href=\"https:\/\/www.victoireimoveis.com.br\/blog\/wp-content\/plugins\/elementor-pro\/assets\/css\/widget-posts.min.css\">\t\t<div class=\"elementor-posts-container elementor-posts elementor-posts--skin-cards elementor-grid\">\n\t\t\t\t<article class=\"elementor-post elementor-grid-item post-1018 post type-post status-publish format-standard has-post-thumbnail hentry category-imoveis\">\n\t\t\t<div class=\"elementor-post__card\">\n\t\t\t\t<a class=\"elementor-post__thumbnail__link\" href=\"https:\/\/www.victoireimoveis.com.br\/blog\/guia-completo-sobre-reajuste-do-aluguel-tipos-calculos-e-direitos\/\" ><div class=\"elementor-post__thumbnail\"><img loading=\"lazy\" decoding=\"async\" width=\"300\" height=\"200\" src=\"https:\/\/www.victoireimoveis.com.br\/blog\/wp-content\/uploads\/Guia-completo-sobre-reajuste-do-aluguel-tipos-calculos-e-direitos-300x200.jpg\" class=\"attachment-medium size-medium wp-image-1021\" alt=\"Guia completo sobre reajuste do aluguel tipos, c\u00e1lculos e direitos\" srcset=\"https:\/\/www.victoireimoveis.com.br\/blog\/wp-content\/uploads\/Guia-completo-sobre-reajuste-do-aluguel-tipos-calculos-e-direitos-300x200.jpg 300w, https:\/\/www.victoireimoveis.com.br\/blog\/wp-content\/uploads\/Guia-completo-sobre-reajuste-do-aluguel-tipos-calculos-e-direitos-768x512.jpg 768w, https:\/\/www.victoireimoveis.com.br\/blog\/wp-content\/uploads\/Guia-completo-sobre-reajuste-do-aluguel-tipos-calculos-e-direitos.jpg 1000w\" sizes=\"auto, (max-width: 300px) 100vw, 300px\" \/><\/div><\/a>\n\t\t\t\t<div class=\"elementor-post__text\">\n\t\t\t\t<h3 class=\"elementor-post__title\">\n\t\t\t<a href=\"https:\/\/www.victoireimoveis.com.br\/blog\/guia-completo-sobre-reajuste-do-aluguel-tipos-calculos-e-direitos\/\" >\n\t\t\t\tGuia completo sobre reajuste do aluguel: tipos, c\u00e1lculos e direitos\t\t\t<\/a>\n\t\t<\/h3>\n\t\t\t\t<div class=\"elementor-post__excerpt\">\n\t\t\t<p>O reajuste de aluguel costuma representar sempre um aumento do valor pago no aluguel. Mas em 2023, por conta do IGP-M negativo, as coisas est\u00e3o<\/p>\n\t\t<\/div>\n\t\t\n\t\t<a class=\"elementor-post__read-more\" href=\"https:\/\/www.victoireimoveis.com.br\/blog\/guia-completo-sobre-reajuste-do-aluguel-tipos-calculos-e-direitos\/\" aria-label=\"Leia mais sobre Guia completo sobre reajuste do aluguel: tipos, c\u00e1lculos e direitos\" >\n\t\t\tLeia mais \u00bb\t\t<\/a>\n\n\t\t\t\t<\/div>\n\t\t\t\t\t<\/div>\n\t\t<\/article>\n\t\t\t\t<article class=\"elementor-post elementor-grid-item post-1130 post type-post status-publish format-standard has-post-thumbnail hentry category-assuntos-diversos\">\n\t\t\t<div class=\"elementor-post__card\">\n\t\t\t\t<a class=\"elementor-post__thumbnail__link\" href=\"https:\/\/www.victoireimoveis.com.br\/blog\/promessa-de-compra-e-vendas\/\" ><div class=\"elementor-post__thumbnail\"><img loading=\"lazy\" decoding=\"async\" width=\"300\" height=\"200\" src=\"https:\/\/www.victoireimoveis.com.br\/blog\/wp-content\/uploads\/contrato-de-compra-e-venda-saiba-tudo-300x200.jpg\" class=\"attachment-medium size-medium wp-image-1136\" alt=\"pessoas se cumprimentando\" srcset=\"https:\/\/www.victoireimoveis.com.br\/blog\/wp-content\/uploads\/contrato-de-compra-e-venda-saiba-tudo-300x200.jpg 300w, https:\/\/www.victoireimoveis.com.br\/blog\/wp-content\/uploads\/contrato-de-compra-e-venda-saiba-tudo-768x512.jpg 768w, https:\/\/www.victoireimoveis.com.br\/blog\/wp-content\/uploads\/contrato-de-compra-e-venda-saiba-tudo.jpg 1000w\" sizes=\"auto, (max-width: 300px) 100vw, 300px\" \/><\/div><\/a>\n\t\t\t\t<div class=\"elementor-post__text\">\n\t\t\t\t<h3 class=\"elementor-post__title\">\n\t\t\t<a href=\"https:\/\/www.victoireimoveis.com.br\/blog\/promessa-de-compra-e-vendas\/\" >\n\t\t\t\tSaiba tudo sobre o contrato de promessa de compra e venda de um im\u00f3vel\t\t\t<\/a>\n\t\t<\/h3>\n\t\t\t\t<div class=\"elementor-post__excerpt\">\n\t\t\t<p>Voc\u00ea est\u00e1 pensando em comprar um im\u00f3vel, mas ainda tem d\u00favidas sobre o processo? Uma das quest\u00f5es mais importantes que voc\u00ea precisa saber \u00e9 o<\/p>\n\t\t<\/div>\n\t\t\n\t\t<a class=\"elementor-post__read-more\" href=\"https:\/\/www.victoireimoveis.com.br\/blog\/promessa-de-compra-e-vendas\/\" aria-label=\"Leia mais sobre Saiba tudo sobre o contrato de promessa de compra e venda de um im\u00f3vel\" >\n\t\t\tLeia mais \u00bb\t\t<\/a>\n\n\t\t\t\t<\/div>\n\t\t\t\t\t<\/div>\n\t\t<\/article>\n\t\t\t\t<article class=\"elementor-post elementor-grid-item post-986 post type-post status-publish format-standard has-post-thumbnail hentry category-sao-paulo\">\n\t\t\t<div class=\"elementor-post__card\">\n\t\t\t\t<a class=\"elementor-post__thumbnail__link\" href=\"https:\/\/www.victoireimoveis.com.br\/blog\/jardim-paulista\/\" ><div class=\"elementor-post__thumbnail\"><img loading=\"lazy\" decoding=\"async\" width=\"300\" height=\"150\" src=\"https:\/\/www.victoireimoveis.com.br\/blog\/wp-content\/uploads\/Conheca-o-Jardim-Paulista-um-dos-melhores-bairros-de-SP-300x150.jpg\" class=\"attachment-medium size-medium wp-image-987\" alt=\"Conhe\u00e7a o Jardim Paulista um dos melhores bairros de SP\" srcset=\"https:\/\/www.victoireimoveis.com.br\/blog\/wp-content\/uploads\/Conheca-o-Jardim-Paulista-um-dos-melhores-bairros-de-SP-300x150.jpg 300w, https:\/\/www.victoireimoveis.com.br\/blog\/wp-content\/uploads\/Conheca-o-Jardim-Paulista-um-dos-melhores-bairros-de-SP-1024x512.jpg 1024w, https:\/\/www.victoireimoveis.com.br\/blog\/wp-content\/uploads\/Conheca-o-Jardim-Paulista-um-dos-melhores-bairros-de-SP-768x384.jpg 768w, https:\/\/www.victoireimoveis.com.br\/blog\/wp-content\/uploads\/Conheca-o-Jardim-Paulista-um-dos-melhores-bairros-de-SP.jpg 1200w\" sizes=\"auto, (max-width: 300px) 100vw, 300px\" \/><\/div><\/a>\n\t\t\t\t<div class=\"elementor-post__text\">\n\t\t\t\t<h3 class=\"elementor-post__title\">\n\t\t\t<a href=\"https:\/\/www.victoireimoveis.com.br\/blog\/jardim-paulista\/\" >\n\t\t\t\tConhe\u00e7a as vantagens de morar no Jardim Paulista, um dos melhores bairros de S\u00e3o Paulo\t\t\t<\/a>\n\t\t<\/h3>\n\t\t\t\t<div class=\"elementor-post__excerpt\">\n\t\t\t<p>Conhe\u00e7a o Jardim Paulista um dos melhores bairros de SP<\/p>\n\t\t<\/div>\n\t\t\n\t\t<a class=\"elementor-post__read-more\" href=\"https:\/\/www.victoireimoveis.com.br\/blog\/jardim-paulista\/\" aria-label=\"Leia mais sobre Conhe\u00e7a as vantagens de morar no Jardim Paulista, um dos melhores bairros de S\u00e3o Paulo\" >\n\t\t\tLeia mais \u00bb\t\t<\/a>\n\n\t\t\t\t<\/div>\n\t\t\t\t\t<\/div>\n\t\t<\/article>\n\t\t\t\t<article class=\"elementor-post elementor-grid-item post-886 post type-post status-publish format-standard has-post-thumbnail hentry category-sao-paulo\">\n\t\t\t<div class=\"elementor-post__card\">\n\t\t\t\t<a class=\"elementor-post__thumbnail__link\" href=\"https:\/\/www.victoireimoveis.com.br\/blog\/barra-funda\/\" ><div class=\"elementor-post__thumbnail\"><img loading=\"lazy\" decoding=\"async\" width=\"300\" height=\"150\" src=\"https:\/\/www.victoireimoveis.com.br\/blog\/wp-content\/uploads\/Barra-funda-6-300x150.jpg\" class=\"attachment-medium size-medium wp-image-889\" alt=\"Imagem de viaduto em S\u00e3o Paulo\" srcset=\"https:\/\/www.victoireimoveis.com.br\/blog\/wp-content\/uploads\/Barra-funda-6-300x150.jpg 300w, https:\/\/www.victoireimoveis.com.br\/blog\/wp-content\/uploads\/Barra-funda-6-1024x512.jpg 1024w, https:\/\/www.victoireimoveis.com.br\/blog\/wp-content\/uploads\/Barra-funda-6-768x384.jpg 768w, https:\/\/www.victoireimoveis.com.br\/blog\/wp-content\/uploads\/Barra-funda-6.jpg 1200w\" sizes=\"auto, (max-width: 300px) 100vw, 300px\" \/><\/div><\/a>\n\t\t\t\t<div class=\"elementor-post__text\">\n\t\t\t\t<h3 class=\"elementor-post__title\">\n\t\t\t<a href=\"https:\/\/www.victoireimoveis.com.br\/blog\/barra-funda\/\" >\n\t\t\t\tBarra Funda: vantagens do bairro e muito mais!\t\t\t<\/a>\n\t\t<\/h3>\n\t\t\t\t<div class=\"elementor-post__excerpt\">\n\t\t\t<p>A Barra Funda est\u00e1 entre os bairros que mais crescem na cidade de S\u00e3o Paulo. Localizado na zona oeste da cidade, o bairro recebe a<\/p>\n\t\t<\/div>\n\t\t\n\t\t<a class=\"elementor-post__read-more\" href=\"https:\/\/www.victoireimoveis.com.br\/blog\/barra-funda\/\" aria-label=\"Leia mais sobre Barra Funda: vantagens do bairro e muito mais!\" >\n\t\t\tLeia mais \u00bb\t\t<\/a>\n\n\t\t\t\t<\/div>\n\t\t\t\t\t<\/div>\n\t\t<\/article>\n\t\t\t\t<article class=\"elementor-post elementor-grid-item post-1024 post type-post status-publish format-standard has-post-thumbnail hentry category-imoveis\">\n\t\t\t<div class=\"elementor-post__card\">\n\t\t\t\t<a class=\"elementor-post__thumbnail__link\" href=\"https:\/\/www.victoireimoveis.com.br\/blog\/contrato-de-locacao-comercial-tudo-o-que-voce-precisa-saber-sobre-o-assunto\/\" ><div class=\"elementor-post__thumbnail\"><img loading=\"lazy\" decoding=\"async\" width=\"300\" height=\"200\" src=\"https:\/\/www.victoireimoveis.com.br\/blog\/wp-content\/uploads\/Contrato-de-locacao-comercial-tudo-o-que-voce-precisa-saber-sobre-o-assunto-300x200.jpg\" class=\"attachment-medium size-medium wp-image-1027\" alt=\"Contrato de loca\u00e7\u00e3o comercial: tudo o que voc\u00ea precisa saber sobre o assunto\" srcset=\"https:\/\/www.victoireimoveis.com.br\/blog\/wp-content\/uploads\/Contrato-de-locacao-comercial-tudo-o-que-voce-precisa-saber-sobre-o-assunto-300x200.jpg 300w, https:\/\/www.victoireimoveis.com.br\/blog\/wp-content\/uploads\/Contrato-de-locacao-comercial-tudo-o-que-voce-precisa-saber-sobre-o-assunto-768x512.jpg 768w, https:\/\/www.victoireimoveis.com.br\/blog\/wp-content\/uploads\/Contrato-de-locacao-comercial-tudo-o-que-voce-precisa-saber-sobre-o-assunto.jpg 1000w\" sizes=\"auto, (max-width: 300px) 100vw, 300px\" \/><\/div><\/a>\n\t\t\t\t<div class=\"elementor-post__text\">\n\t\t\t\t<h3 class=\"elementor-post__title\">\n\t\t\t<a href=\"https:\/\/www.victoireimoveis.com.br\/blog\/contrato-de-locacao-comercial-tudo-o-que-voce-precisa-saber-sobre-o-assunto\/\" >\n\t\t\t\tContrato de loca\u00e7\u00e3o comercial: tudo o que voc\u00ea precisa saber sobre o assunto\t\t\t<\/a>\n\t\t<\/h3>\n\t\t\t\t<div class=\"elementor-post__excerpt\">\n\t\t\t<p>Na busca por um im\u00f3vel para montar sua empresa, \u00e9 importante entender os diferentes aspectos de um contrato de loca\u00e7\u00e3o comercial. A VicToire, uma empresa<\/p>\n\t\t<\/div>\n\t\t\n\t\t<a class=\"elementor-post__read-more\" href=\"https:\/\/www.victoireimoveis.com.br\/blog\/contrato-de-locacao-comercial-tudo-o-que-voce-precisa-saber-sobre-o-assunto\/\" aria-label=\"Leia mais sobre Contrato de loca\u00e7\u00e3o comercial: tudo o que voc\u00ea precisa saber sobre o assunto\" >\n\t\t\tLeia mais \u00bb\t\t<\/a>\n\n\t\t\t\t<\/div>\n\t\t\t\t\t<\/div>\n\t\t<\/article>\n\t\t\t\t<article class=\"elementor-post elementor-grid-item post-993 post type-post status-publish format-standard has-post-thumbnail hentry category-sao-paulo\">\n\t\t\t<div class=\"elementor-post__card\">\n\t\t\t\t<a class=\"elementor-post__thumbnail__link\" href=\"https:\/\/www.victoireimoveis.com.br\/blog\/iptu-sao-paulo-como-consultar-como-pagar-e-quais-valores\/\" ><div class=\"elementor-post__thumbnail\"><img loading=\"lazy\" decoding=\"async\" width=\"300\" height=\"150\" src=\"https:\/\/www.victoireimoveis.com.br\/blog\/wp-content\/uploads\/IPTU-Sao-Paulo-Como-consultar-como-pagar-e-quais-valores-300x150.jpg\" class=\"attachment-medium size-medium wp-image-994\" alt=\"IPTU S\u00e3o Paulo Como consultar, como pagar e quais valores\" srcset=\"https:\/\/www.victoireimoveis.com.br\/blog\/wp-content\/uploads\/IPTU-Sao-Paulo-Como-consultar-como-pagar-e-quais-valores-300x150.jpg 300w, https:\/\/www.victoireimoveis.com.br\/blog\/wp-content\/uploads\/IPTU-Sao-Paulo-Como-consultar-como-pagar-e-quais-valores-1024x512.jpg 1024w, https:\/\/www.victoireimoveis.com.br\/blog\/wp-content\/uploads\/IPTU-Sao-Paulo-Como-consultar-como-pagar-e-quais-valores-768x384.jpg 768w, https:\/\/www.victoireimoveis.com.br\/blog\/wp-content\/uploads\/IPTU-Sao-Paulo-Como-consultar-como-pagar-e-quais-valores.jpg 1200w\" sizes=\"auto, (max-width: 300px) 100vw, 300px\" \/><\/div><\/a>\n\t\t\t\t<div class=\"elementor-post__text\">\n\t\t\t\t<h3 class=\"elementor-post__title\">\n\t\t\t<a href=\"https:\/\/www.victoireimoveis.com.br\/blog\/iptu-sao-paulo-como-consultar-como-pagar-e-quais-valores\/\" >\n\t\t\t\tIPTU S\u00e3o Paulo: Como consultar, como pagar e quais valores\t\t\t<\/a>\n\t\t<\/h3>\n\t\t\t\t<div class=\"elementor-post__excerpt\">\n\t\t\t<p>Voc\u00ea sabia que os moradores da cidade de S\u00e3o Paulo j\u00e1 podem consultar os valores do Imposto Predial e Territ\u00f3rio Urbano (IPTU) deste ano?&nbsp; O<\/p>\n\t\t<\/div>\n\t\t\n\t\t<a class=\"elementor-post__read-more\" href=\"https:\/\/www.victoireimoveis.com.br\/blog\/iptu-sao-paulo-como-consultar-como-pagar-e-quais-valores\/\" aria-label=\"Leia mais sobre IPTU S\u00e3o Paulo: Como consultar, como pagar e quais valores\" >\n\t\t\tLeia mais \u00bb\t\t<\/a>\n\n\t\t\t\t<\/div>\n\t\t\t\t\t<\/div>\n\t\t<\/article>\n\t\t\t\t<\/div>\n\t\t\n\t\t\t\t<\/div>\n\t\t\t\t<\/div>\n\t\t\t\t\t<\/div>\n\t\t<\/div>\n\t\t\t\t\t\t\t<\/div>\n\t\t<\/section>\n\t\t\t\t\t\t\t<\/div>\n\t\t","protected":false},"excerpt":{"rendered":"<p>Blog Victoire Im\u00f3veis<\/p>\n","protected":false},"author":1,"featured_media":0,"parent":0,"menu_order":0,"comment_status":"closed","ping_status":"closed","template":"","meta":{"footnotes":""},"class_list":["post-650","page","type-page","status-publish","hentry"],"yoast_head":"<!-- This site is optimized with the Yoast SEO plugin v20.9 - https:\/\/yoast.com\/wordpress\/plugins\/seo\/ -->\n<title>Home - Blog Victoire<\/title>\n<meta name=\"robots\" content=\"index, follow, max-snippet:-1, max-image-preview:large, max-video-preview:-1\" \/>\n<link rel=\"canonical\" href=\"https:\/\/www.victoireimoveis.com.br\/blog\/\" \/>\n<meta property=\"og:locale\" content=\"pt_BR\" \/>\n<meta property=\"og:type\" content=\"article\" \/>\n<meta property=\"og:title\" content=\"Home - Blog Victoire\" \/>\n<meta property=\"og:description\" content=\"Blog Victoire Im\u00f3veis\" \/>\n<meta property=\"og:url\" content=\"https:\/\/www.victoireimoveis.com.br\/blog\/\" \/>\n<meta property=\"og:site_name\" content=\"Blog Victoire\" \/>\n<meta property=\"article:modified_time\" content=\"2023-01-21T15:57:24+00:00\" \/>\n<meta name=\"twitter:card\" content=\"summary_large_image\" \/>\n<meta name=\"twitter:label1\" content=\"Est. tempo de leitura\" \/>\n\t<meta name=\"twitter:data1\" content=\"2 minutos\" \/>\n<script type=\"application\/ld+json\" class=\"yoast-schema-graph\">{\"@context\":\"https:\/\/schema.org\",\"@graph\":[{\"@type\":\"WebPage\",\"@id\":\"https:\/\/www.victoireimoveis.com.br\/blog\/\",\"url\":\"https:\/\/www.victoireimoveis.com.br\/blog\/\",\"name\":\"Home - Blog Victoire\",\"isPartOf\":{\"@id\":\"https:\/\/www.victoireimoveis.com.br\/blog\/#website\"},\"datePublished\":\"2021-01-19T08:01:27+00:00\",\"dateModified\":\"2023-01-21T15:57:24+00:00\",\"breadcrumb\":{\"@id\":\"https:\/\/www.victoireimoveis.com.br\/blog\/#breadcrumb\"},\"inLanguage\":\"pt-BR\",\"potentialAction\":[{\"@type\":\"ReadAction\",\"target\":[\"https:\/\/www.victoireimoveis.com.br\/blog\/\"]}]},{\"@type\":\"BreadcrumbList\",\"@id\":\"https:\/\/www.victoireimoveis.com.br\/blog\/#breadcrumb\",\"itemListElement\":[{\"@type\":\"ListItem\",\"position\":1,\"name\":\"In\u00edcio\",\"item\":\"https:\/\/www.victoireimoveis.com.br\/blog\/\"},{\"@type\":\"ListItem\",\"position\":2,\"name\":\"Home\"}]},{\"@type\":\"WebSite\",\"@id\":\"https:\/\/www.victoireimoveis.com.br\/blog\/#website\",\"url\":\"https:\/\/www.victoireimoveis.com.br\/blog\/\",\"name\":\"Blog Victoire\",\"description\":\"\",\"publisher\":{\"@id\":\"https:\/\/www.victoireimoveis.com.br\/blog\/#organization\"},\"potentialAction\":[{\"@type\":\"SearchAction\",\"target\":{\"@type\":\"EntryPoint\",\"urlTemplate\":\"https:\/\/www.victoireimoveis.com.br\/blog\/?s={search_term_string}\"},\"query-input\":\"required name=search_term_string\"}],\"inLanguage\":\"pt-BR\"},{\"@type\":\"Organization\",\"@id\":\"https:\/\/www.victoireimoveis.com.br\/blog\/#organization\",\"name\":\"Victoire Im\u00f3veis\",\"url\":\"https:\/\/www.victoireimoveis.com.br\/blog\/\",\"logo\":{\"@type\":\"ImageObject\",\"inLanguage\":\"pt-BR\",\"@id\":\"https:\/\/www.victoireimoveis.com.br\/blog\/#\/schema\/logo\/image\/\",\"url\":\"\",\"contentUrl\":\"\",\"caption\":\"Victoire Im\u00f3veis\"},\"image\":{\"@id\":\"https:\/\/www.victoireimoveis.com.br\/blog\/#\/schema\/logo\/image\/\"}}]}<\/script>\n<!-- \/ Yoast SEO plugin. -->","yoast_head_json":{"title":"Home - Blog Victoire","robots":{"index":"index","follow":"follow","max-snippet":"max-snippet:-1","max-image-preview":"max-image-preview:large","max-video-preview":"max-video-preview:-1"},"canonical":"https:\/\/www.victoireimoveis.com.br\/blog\/","og_locale":"pt_BR","og_type":"article","og_title":"Home - Blog Victoire","og_description":"Blog Victoire Im\u00f3veis","og_url":"https:\/\/www.victoireimoveis.com.br\/blog\/","og_site_name":"Blog Victoire","article_modified_time":"2023-01-21T15:57:24+00:00","twitter_card":"summary_large_image","twitter_misc":{"Est. tempo de leitura":"2 minutos"},"schema":{"@context":"https:\/\/schema.org","@graph":[{"@type":"WebPage","@id":"https:\/\/www.victoireimoveis.com.br\/blog\/","url":"https:\/\/www.victoireimoveis.com.br\/blog\/","name":"Home - Blog Victoire","isPartOf":{"@id":"https:\/\/www.victoireimoveis.com.br\/blog\/#website"},"datePublished":"2021-01-19T08:01:27+00:00","dateModified":"2023-01-21T15:57:24+00:00","breadcrumb":{"@id":"https:\/\/www.victoireimoveis.com.br\/blog\/#breadcrumb"},"inLanguage":"pt-BR","potentialAction":[{"@type":"ReadAction","target":["https:\/\/www.victoireimoveis.com.br\/blog\/"]}]},{"@type":"BreadcrumbList","@id":"https:\/\/www.victoireimoveis.com.br\/blog\/#breadcrumb","itemListElement":[{"@type":"ListItem","position":1,"name":"In\u00edcio","item":"https:\/\/www.victoireimoveis.com.br\/blog\/"},{"@type":"ListItem","position":2,"name":"Home"}]},{"@type":"WebSite","@id":"https:\/\/www.victoireimoveis.com.br\/blog\/#website","url":"https:\/\/www.victoireimoveis.com.br\/blog\/","name":"Blog Victoire","description":"","publisher":{"@id":"https:\/\/www.victoireimoveis.com.br\/blog\/#organization"},"potentialAction":[{"@type":"SearchAction","target":{"@type":"EntryPoint","urlTemplate":"https:\/\/www.victoireimoveis.com.br\/blog\/?s={search_term_string}"},"query-input":"required name=search_term_string"}],"inLanguage":"pt-BR"},{"@type":"Organization","@id":"https:\/\/www.victoireimoveis.com.br\/blog\/#organization","name":"Victoire Im\u00f3veis","url":"https:\/\/www.victoireimoveis.com.br\/blog\/","logo":{"@type":"ImageObject","inLanguage":"pt-BR","@id":"https:\/\/www.victoireimoveis.com.br\/blog\/#\/schema\/logo\/image\/","url":"","contentUrl":"","caption":"Victoire Im\u00f3veis"},"image":{"@id":"https:\/\/www.victoireimoveis.com.br\/blog\/#\/schema\/logo\/image\/"}}]}},"_links":{"self":[{"href":"https:\/\/www.victoireimoveis.com.br\/blog\/wp-json\/wp\/v2\/pages\/650","targetHints":{"allow":["GET"]}}],"collection":[{"href":"https:\/\/www.victoireimoveis.com.br\/blog\/wp-json\/wp\/v2\/pages"}],"about":[{"href":"https:\/\/www.victoireimoveis.com.br\/blog\/wp-json\/wp\/v2\/types\/page"}],"author":[{"embeddable":true,"href":"https:\/\/www.victoireimoveis.com.br\/blog\/wp-json\/wp\/v2\/users\/1"}],"replies":[{"embeddable":true,"href":"https:\/\/www.victoireimoveis.com.br\/blog\/wp-json\/wp\/v2\/comments?post=650"}],"version-history":[{"count":31,"href":"https:\/\/www.victoireimoveis.com.br\/blog\/wp-json\/wp\/v2\/pages\/650\/revisions"}],"predecessor-version":[{"id":816,"href":"https:\/\/www.victoireimoveis.com.br\/blog\/wp-json\/wp\/v2\/pages\/650\/revisions\/816"}],"wp:attachment":[{"href":"https:\/\/www.victoireimoveis.com.br\/blog\/wp-json\/wp\/v2\/media?parent=650"}],"curies":[{"name":"wp","href":"https:\/\/api.w.org\/{rel}","templated":true}]}}